{"id":11418,"date":"2025-05-01T15:45:52","date_gmt":"2025-05-01T15:45:52","guid":{"rendered":"https:\/\/french-techfactory.fr\/our-trainers\/"},"modified":"2026-01-28T14:39:53","modified_gmt":"2026-01-28T14:39:53","slug":"our-trainers","status":"publish","type":"page","link":"https:\/\/french-techfactory.fr\/en\/our-trainers\/","title":{"rendered":"Our Trainers"},"content":{"rendered":"\t\t<div data-elementor-type=\"wp-page\" data-elementor-id=\"11418\" class=\"elementor elementor-11418 elementor-3543\" data-elementor-post-type=\"page\">\n\t\t\t\t\t\t<section class=\"elementor-section elementor-top-section elementor-element elementor-element-4ac93d2b elementor-section-boxed elementor-section-height-default elementor-section-height-default\" data-id=\"4ac93d2b\" data-element_type=\"section\" data-e-type=\"section\">\n\t\t\t\t\t\t<div class=\"elementor-container elementor-column-gap-default\">\n\t\t\t\t\t<div class=\"elementor-column elementor-col-100 elementor-top-column elementor-element elementor-element-1369fd93\" data-id=\"1369fd93\" data-element_type=\"column\" data-e-type=\"column\">\n\t\t\t<div class=\"elementor-widget-wrap elementor-element-populated\">\n\t\t\t\t\t\t<section class=\"elementor-section elementor-inner-section elementor-element elementor-element-70bac7fa bg-white shadow-lg shadow-hover-lg rounded-lg fly-sm overflow-hidden elementor-section-boxed elementor-section-height-default elementor-section-height-default\" data-id=\"70bac7fa\" data-element_type=\"section\" data-e-type=\"section\">\n\t\t\t\t\t\t<div class=\"elementor-container elementor-column-gap-default\">\n\t\t\t\t\t<div class=\"elementor-column elementor-col-50 elementor-inner-column elementor-element elementor-element-59e33db\" data-id=\"59e33db\" data-element_type=\"column\" data-e-type=\"column\">\n\t\t\t<div class=\"elementor-widget-wrap elementor-element-populated\">\n\t\t\t\t\t\t<div class=\"elementor-element elementor-element-45428e8 elementor-widget elementor-widget-image\" data-id=\"45428e8\" data-element_type=\"widget\" data-e-type=\"widget\" data-widget_type=\"image.default\">\n\t\t\t\t<div class=\"elementor-widget-container\">\n\t\t\t\t\t\t\t\t\t\t\t\t\t\t\t<img fetchpriority=\"high\" decoding=\"async\" width=\"413\" height=\"531\" src=\"https:\/\/french-techfactory.fr\/wp-content\/uploads\/2025\/05\/Formateur_ousama.jpeg\" class=\"attachment-large size-large wp-image-11422\" alt=\"\" srcset=\"https:\/\/french-techfactory.fr\/wp-content\/uploads\/2025\/05\/Formateur_ousama.jpeg 413w, https:\/\/french-techfactory.fr\/wp-content\/uploads\/2025\/05\/Formateur_ousama-233x300.jpeg 233w\" sizes=\"(max-width: 413px) 100vw, 413px\" \/>\t\t\t\t\t\t\t\t\t\t\t\t\t\t\t<\/div>\n\t\t\t\t<\/div>\n\t\t\t\t\t<\/div>\n\t\t<\/div>\n\t\t\t\t<div class=\"elementor-column elementor-col-50 elementor-inner-column elementor-element elementor-element-5c0b5afb\" data-id=\"5c0b5afb\" data-element_type=\"column\" data-e-type=\"column\">\n\t\t\t<div class=\"elementor-widget-wrap elementor-element-populated\">\n\t\t\t\t\t\t<div class=\"elementor-element elementor-element-54e78a3e elementor-invisible elementor-widget elementor-widget-pix-heading\" data-id=\"54e78a3e\" data-element_type=\"widget\" data-e-type=\"widget\" data-widget_type=\"pix-heading.default\">\n\t\t\t\t<div class=\"elementor-widget-container\">\n\t\t\t\t\t<div  class=\"pix-heading-el text-left \"><h3 class=\"text-heading-default font-weight-bold h3 animate-in heading-text el-title_custom_color mb-12\" style=\"\" data-anim-type=\"fade-in-up\" data-anim-delay=\"200\">Ousama BOUJAOUANE - AI Trainer &amp; Tech Expert<\/h3><\/div>\t\t\t\t<\/div>\n\t\t\t\t<\/div>\n\t\t\t\t<div class=\"elementor-element elementor-element-44bd8b92 elementor-invisible elementor-widget elementor-widget-pix-text\" data-id=\"44bd8b92\" data-element_type=\"widget\" data-e-type=\"widget\" data-widget_type=\"pix-text.default\">\n\t\t\t\t<div class=\"elementor-widget-container\">\n\t\t\t\t\t<div class=\"pix-el-text w-100 text-left \" ><p class=\" resp-option text-body-default text-left \" ><span class=\"text-body-default animate-in d-inline-block\" data-anim-delay=\"400\" data-anim-type=\"fade-in-up\">Ousama is an entrepreneur, senior iOS developer, and technical project manager, with over 15 years of experience in IT. He leads two companies and supports businesses of all sizes in digital transformation and the integration of innovative solutions.\nAfter collaborating with major groups such as SNCF, Le Figaro, Emirates, and Adecco, he now applies his expertise to training, with a focus on artificial intelligence. His pedagogical approach is resolutely practical, results-oriented, with a desire to make AI accessible, useful, and immediately actionable.  <\/span><\/p><\/div>\t\t\t\t<\/div>\n\t\t\t\t<\/div>\n\t\t\t\t<div class=\"elementor-element elementor-element-ef7151d elementor-widget__width-auto elementor-widget elementor-widget-pix-badge\" data-id=\"ef7151d\" data-element_type=\"widget\" data-e-type=\"widget\" data-widget_type=\"pix-badge.default\">\n\t\t\t\t<div class=\"elementor-widget-container\">\n\t\t\t\t\t<div class=\"pix-element-div w-100 text-center\"><span class=\"pix-badge-element h5 d-inline-flex mr-1 \"  ><span class=\"badge font-weight-bold shadow-sm shadow-hover-sm fly-sm bg-secondary  pix-py-15 pix-px-25\" style=\" \"><span class=\"text-white\" style=\"\">AI<\/span><\/span><\/span><\/div>\t\t\t\t<\/div>\n\t\t\t\t<\/div>\n\t\t\t\t<div class=\"elementor-element elementor-element-3be15bbe elementor-widget__width-auto elementor-widget elementor-widget-pix-badge\" data-id=\"3be15bbe\" data-element_type=\"widget\" data-e-type=\"widget\" data-widget_type=\"pix-badge.default\">\n\t\t\t\t<div class=\"elementor-widget-container\">\n\t\t\t\t\t<div class=\"pix-element-div w-100 text-center\"><span class=\"pix-badge-element h5 d-inline-flex mr-1 \"  ><span class=\"badge font-weight-bold shadow-sm shadow-hover-sm fly-sm bg-secondary  pix-py-15 pix-px-25\" style=\" \"><span class=\"text-white\" style=\"\">Generative AI<\/span><\/span><\/span><\/div>\t\t\t\t<\/div>\n\t\t\t\t<\/div>\n\t\t\t\t<div class=\"elementor-element elementor-element-87c2fc5 elementor-widget__width-auto elementor-widget elementor-widget-pix-badge\" data-id=\"87c2fc5\" data-element_type=\"widget\" data-e-type=\"widget\" data-widget_type=\"pix-badge.default\">\n\t\t\t\t<div class=\"elementor-widget-container\">\n\t\t\t\t\t<div class=\"pix-element-div w-100 text-center\"><span class=\"pix-badge-element h5 d-inline-flex mr-1 \"  ><span class=\"badge font-weight-bold shadow-sm shadow-hover-sm fly-sm bg-secondary  pix-py-15 pix-px-25\" style=\" \"><span class=\"text-white\" style=\"\">Mobile Development <\/span><\/span><\/span><\/div>\t\t\t\t<\/div>\n\t\t\t\t<\/div>\n\t\t\t\t<div class=\"elementor-element elementor-element-35f1672 elementor-widget__width-auto elementor-widget elementor-widget-pix-badge\" data-id=\"35f1672\" data-element_type=\"widget\" data-e-type=\"widget\" data-widget_type=\"pix-badge.default\">\n\t\t\t\t<div class=\"elementor-widget-container\">\n\t\t\t\t\t<div class=\"pix-element-div w-100 text-center\"><span class=\"pix-badge-element h5 d-inline-flex mr-1 \"  ><span class=\"badge font-weight-bold shadow-sm shadow-hover-sm fly-sm bg-secondary  pix-py-15 pix-px-25\" style=\" \"><span class=\"text-white\" style=\"\">Technical Project Management<\/span><\/span><\/span><\/div>\t\t\t\t<\/div>\n\t\t\t\t<\/div>\n\t\t\t\t<div class=\"elementor-element elementor-element-4494987 elementor-widget__width-auto elementor-widget elementor-widget-pix-badge\" data-id=\"4494987\" data-element_type=\"widget\" data-e-type=\"widget\" data-widget_type=\"pix-badge.default\">\n\t\t\t\t<div class=\"elementor-widget-container\">\n\t\t\t\t\t<div class=\"pix-element-div w-100 text-center\"><span class=\"pix-badge-element h5 d-inline-flex mr-1 \"  ><span class=\"badge font-weight-bold shadow-sm shadow-hover-sm fly-sm bg-secondary  pix-py-15 pix-px-25\" style=\" \"><span class=\"text-white\" style=\"\">Professional Training<\/span><\/span><\/span><\/div>\t\t\t\t<\/div>\n\t\t\t\t<\/div>\n\t\t\t\t\t<\/div>\n\t\t<\/div>\n\t\t\t\t\t<\/div>\n\t\t<\/section>\n\t\t\t\t\t<\/div>\n\t\t<\/div>\n\t\t\t\t\t<\/div>\n\t\t<\/section>\n\t\t\t\t<section class=\"elementor-section elementor-top-section elementor-element elementor-element-db8ee15 elementor-section-boxed elementor-section-height-default elementor-section-height-default\" data-id=\"db8ee15\" data-element_type=\"section\" data-e-type=\"section\">\n\t\t\t\t\t\t<div class=\"elementor-container elementor-column-gap-default\">\n\t\t\t\t\t<div class=\"elementor-column elementor-col-100 elementor-top-column elementor-element elementor-element-cc4815e\" data-id=\"cc4815e\" data-element_type=\"column\" data-e-type=\"column\">\n\t\t\t<div class=\"elementor-widget-wrap elementor-element-populated\">\n\t\t\t\t\t\t<section class=\"elementor-section elementor-inner-section elementor-element elementor-element-95bdcb0 bg-white shadow-lg shadow-hover-lg rounded-lg fly-sm overflow-hidden elementor-section-boxed elementor-section-height-default elementor-section-height-default\" data-id=\"95bdcb0\" data-element_type=\"section\" data-e-type=\"section\">\n\t\t\t\t\t\t<div class=\"elementor-container elementor-column-gap-default\">\n\t\t\t\t\t<div class=\"elementor-column elementor-col-50 elementor-inner-column elementor-element elementor-element-f510855\" data-id=\"f510855\" data-element_type=\"column\" data-e-type=\"column\">\n\t\t\t<div class=\"elementor-widget-wrap elementor-element-populated\">\n\t\t\t\t\t\t<div class=\"elementor-element elementor-element-751be02 elementor-widget elementor-widget-image\" data-id=\"751be02\" data-element_type=\"widget\" data-e-type=\"widget\" data-widget_type=\"image.default\">\n\t\t\t\t<div class=\"elementor-widget-container\">\n\t\t\t\t\t\t\t\t\t\t\t\t\t\t\t<img decoding=\"async\" width=\"640\" height=\"826\" src=\"https:\/\/french-techfactory.fr\/wp-content\/uploads\/2025\/06\/benoit_amedee-l-1-793x1024.png\" class=\"attachment-large size-large wp-image-11425\" alt=\"\" srcset=\"https:\/\/french-techfactory.fr\/wp-content\/uploads\/2025\/06\/benoit_amedee-l-1-793x1024.png 793w, https:\/\/french-techfactory.fr\/wp-content\/uploads\/2025\/06\/benoit_amedee-l-1-232x300.png 232w, https:\/\/french-techfactory.fr\/wp-content\/uploads\/2025\/06\/benoit_amedee-l-1-768x992.png 768w, https:\/\/french-techfactory.fr\/wp-content\/uploads\/2025\/06\/benoit_amedee-l-1.png 1084w\" sizes=\"(max-width: 640px) 100vw, 640px\" \/>\t\t\t\t\t\t\t\t\t\t\t\t\t\t\t<\/div>\n\t\t\t\t<\/div>\n\t\t\t\t\t<\/div>\n\t\t<\/div>\n\t\t\t\t<div class=\"elementor-column elementor-col-50 elementor-inner-column elementor-element elementor-element-c5e46a8\" data-id=\"c5e46a8\" data-element_type=\"column\" data-e-type=\"column\">\n\t\t\t<div class=\"elementor-widget-wrap elementor-element-populated\">\n\t\t\t\t\t\t<div class=\"elementor-element elementor-element-5529f5c elementor-invisible elementor-widget elementor-widget-pix-heading\" data-id=\"5529f5c\" data-element_type=\"widget\" data-e-type=\"widget\" data-widget_type=\"pix-heading.default\">\n\t\t\t\t<div class=\"elementor-widget-container\">\n\t\t\t\t\t<div  class=\"pix-heading-el text-left \"><h3 class=\"text-heading-default font-weight-bold h3 animate-in heading-text el-title_custom_color mb-12\" style=\"\" data-anim-type=\"fade-in-up\" data-anim-delay=\"200\">Beno\u00eet AM\u00c9D\u00c9E (alias Ben Kalash) - Esport Trainer &amp; Coach<\/h3><\/div>\t\t\t\t<\/div>\n\t\t\t\t<\/div>\n\t\t\t\t<div class=\"elementor-element elementor-element-4de94db elementor-invisible elementor-widget elementor-widget-pix-text\" data-id=\"4de94db\" data-element_type=\"widget\" data-e-type=\"widget\" data-widget_type=\"pix-text.default\">\n\t\t\t\t<div class=\"elementor-widget-container\">\n\t\t\t\t\t<div class=\"pix-el-text w-100 text-left \" ><p class=\" resp-option text-body-default text-left \" ><span class=\"text-body-default animate-in d-inline-block\" data-anim-delay=\"400\" data-anim-type=\"fade-in-up\">A dedicated figure in Esport for over two decades, Beno\u00eet Am\u00e9d\u00e9e, known in the field as Ben Kalash, has held all key roles: player, coach, manager, event organizer, international referee, trainer, pedagogical manager, and performance director. He has worked with organizations such as Girondins de Bordeaux, AS Monaco, and in the context of international FIFA competitions. As the pedagogical manager of Europe's first Esport study program, he now designs training and support programs focused on sustainable performance, well-being, and the structuring of Esport coaching. A passionate educator, he trains future Esport professionals with a human, demanding, and holistic approach, combining strategy, mental preparation, and positive leadership.   <\/span><\/p><\/div>\t\t\t\t<\/div>\n\t\t\t\t<\/div>\n\t\t\t\t<div class=\"elementor-element elementor-element-4ca960a elementor-widget__width-auto elementor-widget elementor-widget-pix-badge\" data-id=\"4ca960a\" data-element_type=\"widget\" data-e-type=\"widget\" data-widget_type=\"pix-badge.default\">\n\t\t\t\t<div class=\"elementor-widget-container\">\n\t\t\t\t\t<div class=\"pix-element-div w-100 text-center\"><span class=\"pix-badge-element h5 d-inline-flex mr-1 \"  ><span class=\"badge font-weight-bold shadow-sm shadow-hover-sm fly-sm bg-secondary  pix-py-15 pix-px-25\" style=\" \"><span class=\"text-white\" style=\"\">Esport<\/span><\/span><\/span><\/div>\t\t\t\t<\/div>\n\t\t\t\t<\/div>\n\t\t\t\t<div class=\"elementor-element elementor-element-fe1ae7f elementor-widget__width-auto elementor-widget elementor-widget-pix-badge\" data-id=\"fe1ae7f\" data-element_type=\"widget\" data-e-type=\"widget\" data-widget_type=\"pix-badge.default\">\n\t\t\t\t<div class=\"elementor-widget-container\">\n\t\t\t\t\t<div class=\"pix-element-div w-100 text-center\"><span class=\"pix-badge-element h5 d-inline-flex mr-1 \"  ><span class=\"badge font-weight-bold shadow-sm shadow-hover-sm fly-sm bg-secondary  pix-py-15 pix-px-25\" style=\" \"><span class=\"text-white\" style=\"\">Mental Preparation<\/span><\/span><\/span><\/div>\t\t\t\t<\/div>\n\t\t\t\t<\/div>\n\t\t\t\t<div class=\"elementor-element elementor-element-ae2e503 elementor-widget__width-auto elementor-widget elementor-widget-pix-badge\" data-id=\"ae2e503\" data-element_type=\"widget\" data-e-type=\"widget\" data-widget_type=\"pix-badge.default\">\n\t\t\t\t<div class=\"elementor-widget-container\">\n\t\t\t\t\t<div class=\"pix-element-div w-100 text-center\"><span class=\"pix-badge-element h5 d-inline-flex mr-1 \"  ><span class=\"badge font-weight-bold shadow-sm shadow-hover-sm fly-sm bg-secondary  pix-py-15 pix-px-25\" style=\" \"><span class=\"text-white\" style=\"\">Game Strategy<\/span><\/span><\/span><\/div>\t\t\t\t<\/div>\n\t\t\t\t<\/div>\n\t\t\t\t<div class=\"elementor-element elementor-element-4acd2c3 elementor-widget__width-auto elementor-widget elementor-widget-pix-badge\" data-id=\"4acd2c3\" data-element_type=\"widget\" data-e-type=\"widget\" data-widget_type=\"pix-badge.default\">\n\t\t\t\t<div class=\"elementor-widget-container\">\n\t\t\t\t\t<div class=\"pix-element-div w-100 text-center\"><span class=\"pix-badge-element h5 d-inline-flex mr-1 \"  ><span class=\"badge font-weight-bold shadow-sm shadow-hover-sm fly-sm bg-secondary  pix-py-15 pix-px-25\" style=\" \"><span class=\"text-white\" style=\"\">Personal Development<\/span><\/span><\/span><\/div>\t\t\t\t<\/div>\n\t\t\t\t<\/div>\n\t\t\t\t<div class=\"elementor-element elementor-element-43ec11d elementor-widget__width-auto elementor-widget elementor-widget-pix-badge\" data-id=\"43ec11d\" data-element_type=\"widget\" data-e-type=\"widget\" data-widget_type=\"pix-badge.default\">\n\t\t\t\t<div class=\"elementor-widget-container\">\n\t\t\t\t\t<div class=\"pix-element-div w-100 text-center\"><span class=\"pix-badge-element h5 d-inline-flex mr-1 \"  ><span class=\"badge font-weight-bold shadow-sm shadow-hover-sm fly-sm bg-secondary  pix-py-15 pix-px-25\" style=\" \"><span class=\"text-white\" style=\"\">Cognitive Preparation<\/span><\/span><\/span><\/div>\t\t\t\t<\/div>\n\t\t\t\t<\/div>\n\t\t\t\t\t<\/div>\n\t\t<\/div>\n\t\t\t\t\t<\/div>\n\t\t<\/section>\n\t\t\t\t\t<\/div>\n\t\t<\/div>\n\t\t\t\t\t<\/div>\n\t\t<\/section>\n\t\t\t\t<section class=\"elementor-section elementor-top-section elementor-element elementor-element-5c32fa1 elementor-section-boxed elementor-section-height-default elementor-section-height-default\" data-id=\"5c32fa1\" data-element_type=\"section\" data-e-type=\"section\">\n\t\t\t\t\t\t<div class=\"elementor-container elementor-column-gap-default\">\n\t\t\t\t\t<div class=\"elementor-column elementor-col-100 elementor-top-column elementor-element elementor-element-ebb2904\" data-id=\"ebb2904\" data-element_type=\"column\" data-e-type=\"column\">\n\t\t\t<div class=\"elementor-widget-wrap elementor-element-populated\">\n\t\t\t\t\t\t<section class=\"elementor-section elementor-inner-section elementor-element elementor-element-ff13669 bg-white shadow-lg shadow-hover-lg rounded-lg fly-sm overflow-hidden elementor-section-boxed elementor-section-height-default elementor-section-height-default\" data-id=\"ff13669\" data-element_type=\"section\" data-e-type=\"section\">\n\t\t\t\t\t\t<div class=\"elementor-container elementor-column-gap-default\">\n\t\t\t\t\t<div class=\"elementor-column elementor-col-50 elementor-inner-column elementor-element elementor-element-01424e2\" data-id=\"01424e2\" data-element_type=\"column\" data-e-type=\"column\">\n\t\t\t<div class=\"elementor-widget-wrap elementor-element-populated\">\n\t\t\t\t\t\t<div class=\"elementor-element elementor-element-41cb1f7 elementor-widget elementor-widget-image\" data-id=\"41cb1f7\" data-element_type=\"widget\" data-e-type=\"widget\" data-widget_type=\"image.default\">\n\t\t\t\t<div class=\"elementor-widget-container\">\n\t\t\t\t\t\t\t\t\t\t\t\t\t\t\t<img decoding=\"async\" width=\"640\" height=\"821\" src=\"https:\/\/french-techfactory.fr\/wp-content\/uploads\/2025\/06\/sarah_formatrice-798x1024.jpg\" class=\"attachment-large size-large wp-image-11423\" alt=\"\" srcset=\"https:\/\/french-techfactory.fr\/wp-content\/uploads\/2025\/06\/sarah_formatrice-798x1024.jpg 798w, https:\/\/french-techfactory.fr\/wp-content\/uploads\/2025\/06\/sarah_formatrice-234x300.jpg 234w, https:\/\/french-techfactory.fr\/wp-content\/uploads\/2025\/06\/sarah_formatrice-768x986.jpg 768w, https:\/\/french-techfactory.fr\/wp-content\/uploads\/2025\/06\/sarah_formatrice.jpg 826w\" sizes=\"(max-width: 640px) 100vw, 640px\" \/>\t\t\t\t\t\t\t\t\t\t\t\t\t\t\t<\/div>\n\t\t\t\t<\/div>\n\t\t\t\t\t<\/div>\n\t\t<\/div>\n\t\t\t\t<div class=\"elementor-column elementor-col-50 elementor-inner-column elementor-element elementor-element-090b689\" data-id=\"090b689\" data-element_type=\"column\" data-e-type=\"column\">\n\t\t\t<div class=\"elementor-widget-wrap elementor-element-populated\">\n\t\t\t\t\t\t<div class=\"elementor-element elementor-element-72a3cc7 elementor-invisible elementor-widget elementor-widget-pix-heading\" data-id=\"72a3cc7\" data-element_type=\"widget\" data-e-type=\"widget\" data-widget_type=\"pix-heading.default\">\n\t\t\t\t<div class=\"elementor-widget-container\">\n\t\t\t\t\t<div  class=\"pix-heading-el text-left \"><h3 class=\"text-heading-default font-weight-bold h3 animate-in heading-text el-title_custom_color mb-12\" style=\"\" data-anim-type=\"fade-in-up\" data-anim-delay=\"200\">Sarah HAMZAOUI - Marketing &amp; Personal Branding Trainer <\/h3><\/div>\t\t\t\t<\/div>\n\t\t\t\t<\/div>\n\t\t\t\t<div class=\"elementor-element elementor-element-9b89b1e elementor-invisible elementor-widget elementor-widget-pix-text\" data-id=\"9b89b1e\" data-element_type=\"widget\" data-e-type=\"widget\" data-widget_type=\"pix-text.default\">\n\t\t\t\t<div class=\"elementor-widget-container\">\n\t\t\t\t\t<div class=\"pix-el-text w-100 text-left \" ><p class=\" resp-option text-body-default text-left \" ><span class=\"text-body-default animate-in d-inline-block\" data-anim-delay=\"400\" data-anim-type=\"fade-in-up\">An engineer specializing in Marketing, Communication, and Sales, Sarah Hamzaoui has over 10 years of experience supporting business leaders and project initiators. After serving as a marketing project manager and then marketing and communication manager, she founded Market&amp;Com agency, specializing in strategic marketing and personal branding on LinkedIn. \n\nToday, she is recognized for her expertise on LinkedIn, where she guides numerous professionals and content creators who achieve high visibility and excellent results on the platform. Her approach combines strategy, analysis, and pragmatism to enable everyone to develop an effective and thoughtful digital presence to achieve their goals. <\/span><\/p><\/div>\t\t\t\t<\/div>\n\t\t\t\t<\/div>\n\t\t\t\t<div class=\"elementor-element elementor-element-5952bf9 elementor-widget__width-auto elementor-widget elementor-widget-pix-badge\" data-id=\"5952bf9\" data-element_type=\"widget\" data-e-type=\"widget\" data-widget_type=\"pix-badge.default\">\n\t\t\t\t<div class=\"elementor-widget-container\">\n\t\t\t\t\t<div class=\"pix-element-div w-100 text-center\"><span class=\"pix-badge-element h5 d-inline-flex mr-1 \"  ><span class=\"badge font-weight-bold shadow-sm shadow-hover-sm fly-sm bg-secondary  pix-py-15 pix-px-25\" style=\" \"><span class=\"text-white\" style=\"\">Social Selling<\/span><\/span><\/span><\/div>\t\t\t\t<\/div>\n\t\t\t\t<\/div>\n\t\t\t\t<div class=\"elementor-element elementor-element-b8f6b45 elementor-widget__width-auto elementor-widget elementor-widget-pix-badge\" data-id=\"b8f6b45\" data-element_type=\"widget\" data-e-type=\"widget\" data-widget_type=\"pix-badge.default\">\n\t\t\t\t<div class=\"elementor-widget-container\">\n\t\t\t\t\t<div class=\"pix-element-div w-100 text-center\"><span class=\"pix-badge-element h5 d-inline-flex mr-1 \"  ><span class=\"badge font-weight-bold shadow-sm shadow-hover-sm fly-sm bg-secondary  pix-py-15 pix-px-25\" style=\" \"><span class=\"text-white\" style=\"\">Marketing Strategy &amp; Positioning<\/span><\/span><\/span><\/div>\t\t\t\t<\/div>\n\t\t\t\t<\/div>\n\t\t\t\t<div class=\"elementor-element elementor-element-2887b53 elementor-widget__width-auto elementor-widget elementor-widget-pix-badge\" data-id=\"2887b53\" data-element_type=\"widget\" data-e-type=\"widget\" data-widget_type=\"pix-badge.default\">\n\t\t\t\t<div class=\"elementor-widget-container\">\n\t\t\t\t\t<div class=\"pix-element-div w-100 text-center\"><span class=\"pix-badge-element h5 d-inline-flex mr-1 \"  ><span class=\"badge font-weight-bold shadow-sm shadow-hover-sm fly-sm bg-secondary  pix-py-15 pix-px-25\" style=\" \"><span class=\"text-white\" style=\"\">Personal Branding &amp; Content Creation<\/span><\/span><\/span><\/div>\t\t\t\t<\/div>\n\t\t\t\t<\/div>\n\t\t\t\t<div class=\"elementor-element elementor-element-afb495b elementor-widget__width-auto elementor-widget elementor-widget-pix-badge\" data-id=\"afb495b\" data-element_type=\"widget\" data-e-type=\"widget\" data-widget_type=\"pix-badge.default\">\n\t\t\t\t<div class=\"elementor-widget-container\">\n\t\t\t\t\t<div class=\"pix-element-div w-100 text-center\"><span class=\"pix-badge-element h5 d-inline-flex mr-1 \"  ><span class=\"badge font-weight-bold shadow-sm shadow-hover-sm fly-sm bg-secondary  pix-py-15 pix-px-25\" style=\" \"><span class=\"text-white\" style=\"\">Strategic Analysis &amp; Optimization<\/span><\/span><\/span><\/div>\t\t\t\t<\/div>\n\t\t\t\t<\/div>\n\t\t\t\t\t<\/div>\n\t\t<\/div>\n\t\t\t\t\t<\/div>\n\t\t<\/section>\n\t\t\t\t\t<\/div>\n\t\t<\/div>\n\t\t\t\t\t<\/div>\n\t\t<\/section>\n\t\t\t\t<\/div>\n\t\t","protected":false},"excerpt":{"rendered":"<p>Ousama BOUJAOUANE &#8211; AI Trainer &amp; Tech Expert Ousama is an entrepreneur, senior iOS developer, and technical project manager, with over 15 years of experience in IT. He leads two companies and supports businesses of all sizes in digital transformation&#8230;<\/p>\n","protected":false},"author":1,"featured_media":0,"parent":0,"menu_order":0,"comment_status":"closed","ping_status":"closed","template":"","meta":{"footnotes":""},"class_list":["post-11418","page","type-page","status-publish","hentry"],"_links":{"self":[{"href":"https:\/\/french-techfactory.fr\/en\/wp-json\/wp\/v2\/pages\/11418","targetHints":{"allow":["GET"]}}],"collection":[{"href":"https:\/\/french-techfactory.fr\/en\/wp-json\/wp\/v2\/pages"}],"about":[{"href":"https:\/\/french-techfactory.fr\/en\/wp-json\/wp\/v2\/types\/page"}],"author":[{"embeddable":true,"href":"https:\/\/french-techfactory.fr\/en\/wp-json\/wp\/v2\/users\/1"}],"replies":[{"embeddable":true,"href":"https:\/\/french-techfactory.fr\/en\/wp-json\/wp\/v2\/comments?post=11418"}],"version-history":[{"count":1,"href":"https:\/\/french-techfactory.fr\/en\/wp-json\/wp\/v2\/pages\/11418\/revisions"}],"predecessor-version":[{"id":11426,"href":"https:\/\/french-techfactory.fr\/en\/wp-json\/wp\/v2\/pages\/11418\/revisions\/11426"}],"wp:attachment":[{"href":"https:\/\/french-techfactory.fr\/en\/wp-json\/wp\/v2\/media?parent=11418"}],"curies":[{"name":"wp","href":"https:\/\/api.w.org\/{rel}","templated":true}]}}